{"id":68,"date":"2026-02-15T19:12:05","date_gmt":"2026-02-15T18:12:05","guid":{"rendered":"https:\/\/www.mediumvoyant-revel.fr\/?page_id=68"},"modified":"2026-02-15T19:19:12","modified_gmt":"2026-02-15T18:19:12","slug":"presentations","status":"publish","type":"page","link":"https:\/\/www.mediumvoyant-revel.fr\/","title":{"rendered":"Pr\u00e9sentations"},"content":{"rendered":"\n<p>Bonjour,<\/p>\n\n\n\n<p>Je suis Marc Fagnoni, M\u00e9dium, voyant, passeur d\u2019\u00e2mes professionnelle depuis plus de 25 ans, j&rsquo;ai re\u00e7u mes dons \u00e0 la naissance, je re\u00e7ois des messages par mes guides et esprits protecteur.<\/p>\n\n\n\n<p>Je suis pass\u00e9 par l&rsquo;IFRES qui m&rsquo;a aider \u00e0 comprendre mes dons.<\/p>\n\n\n\n<p>Grace \u00e0 mes connaissances Spirituelle je vous aide dans;<\/p>\n\n\n\n<ul class=\"wp-block-list\">\n<li>Les conseils et les guidances spirituelle.<\/li>\n\n\n\n<li>Le sentimentale (amour, couple).<\/li>\n\n\n\n<li>Contact de d\u00e9funt. Protection spirituelle.<\/li>\n\n\n\n<li>D\u00e9livrance d&rsquo;\u00e9nergie n\u00e9gative.<\/li>\n\n\n\n<li>Purification de lieux.<\/li>\n\n\n\n<li>Accompagnement des personnes ayant des sensibilit\u00e9s.<\/li>\n\n\n\n<li>Aide \u00e0 vous ouvrir \u00e0 des connaissances SPIRITUELLES.<\/li>\n\n\n\n<li>\u00e9criture automatique 1 fois par mois.<\/li>\n<\/ul>\n\n\n\n<p>je suis joignable par t\u00e9l\u00e9phone au 06.58.33.68.86, et sur ma page contact ou vous pourrez me laisser vos message.<\/p>\n\n\n\n<p>Marc Fagnoni.<\/p>\n","protected":false},"excerpt":{"rendered":"<p>Bonjour, Je suis Marc Fagnoni, M\u00e9dium, voyant, passeur d\u2019\u00e2mes professionnelle depuis plus de 25 ans, j&rsquo;ai re\u00e7u mes dons \u00e0 la naissance, je re\u00e7ois des messages par mes guides et esprits protecteur. Je suis pass\u00e9 par l&rsquo;IFRES qui m&rsquo;a aider \u00e0 comprendre mes dons. Grace \u00e0 mes connaissances Spirituelle je vous aide dans; je suis [&hellip;]<\/p>\n","protected":false},"author":1,"featured_media":0,"parent":0,"menu_order":0,"comment_status":"closed","ping_status":"closed","template":"","meta":{"footnotes":""},"class_list":["post-68","page","type-page","status-publish","hentry"],"aioseo_notices":[],"_links":{"self":[{"href":"https:\/\/www.mediumvoyant-revel.fr\/index.php\/wp-json\/wp\/v2\/pages\/68","targetHints":{"allow":["GET"]}}],"collection":[{"href":"https:\/\/www.mediumvoyant-revel.fr\/index.php\/wp-json\/wp\/v2\/pages"}],"about":[{"href":"https:\/\/www.mediumvoyant-revel.fr\/index.php\/wp-json\/wp\/v2\/types\/page"}],"author":[{"embeddable":true,"href":"https:\/\/www.mediumvoyant-revel.fr\/index.php\/wp-json\/wp\/v2\/users\/1"}],"replies":[{"embeddable":true,"href":"https:\/\/www.mediumvoyant-revel.fr\/index.php\/wp-json\/wp\/v2\/comments?post=68"}],"version-history":[{"count":1,"href":"https:\/\/www.mediumvoyant-revel.fr\/index.php\/wp-json\/wp\/v2\/pages\/68\/revisions"}],"predecessor-version":[{"id":70,"href":"https:\/\/www.mediumvoyant-revel.fr\/index.php\/wp-json\/wp\/v2\/pages\/68\/revisions\/70"}],"wp:attachment":[{"href":"https:\/\/www.mediumvoyant-revel.fr\/index.php\/wp-json\/wp\/v2\/media?parent=68"}],"curies":[{"name":"wp","href":"https:\/\/api.w.org\/{rel}","templated":true}]}}